{"id":5124,"date":"2022-12-17T19:23:30","date_gmt":"2022-12-17T18:23:30","guid":{"rendered":"https:\/\/eccl.wearequattro.com\/conditions-generales\/"},"modified":"2024-02-12T11:13:21","modified_gmt":"2024-02-12T10:13:21","slug":"terms-conditions","status":"publish","type":"page","link":"https:\/\/eccl.lu\/en\/terms-conditions\/","title":{"rendered":"Terms and conditions"},"content":{"rendered":"\t\t<div data-elementor-type=\"wp-page\" data-elementor-id=\"5124\" class=\"elementor elementor-5124 elementor-4238\" data-elementor-post-type=\"page\">\n\t\t\t\t<div class=\"elementor-element elementor-element-8141669 animated-fast e-flex e-con-boxed elementor-invisible e-con e-parent\" data-id=\"8141669\" data-element_type=\"container\" data-e-type=\"container\" data-settings=\"{&quot;animation&quot;:&quot;slideInUp&quot;}\">\n\t\t\t\t\t<div class=\"e-con-inner\">\n\t\t\t\t<div class=\"elementor-element elementor-element-2d0dc5d elementor-widget elementor-widget-breadcrumbs\" data-id=\"2d0dc5d\" data-element_type=\"widget\" data-e-type=\"widget\" data-widget_type=\"breadcrumbs.default\">\n\t\t\t\t<div class=\"elementor-widget-container\">\n\t\t\t\t\t<nav id=\"breadcrumbs\"><ol><li><a href=\"https:\/\/eccl.lu\/en\/\">Homepage<\/a><\/li><\/ol><\/nav>\t\t\t\t<\/div>\n\t\t\t\t<\/div>\n\t\t\t\t\t<\/div>\n\t\t\t\t<\/div>\n\t\t<div class=\"elementor-element elementor-element-14ecc52 header-container e-flex e-con-boxed e-con e-parent\" data-id=\"14ecc52\" data-element_type=\"container\" data-e-type=\"container\">\n\t\t\t\t\t<div class=\"e-con-inner\">\n\t\t<div class=\"elementor-element elementor-element-eaff4a4 e-con-full e-flex e-con e-child\" data-id=\"eaff4a4\" data-element_type=\"container\" data-e-type=\"container\">\n\t\t<div class=\"elementor-element elementor-element-e369483 e-con-full e-flex e-con e-child\" data-id=\"e369483\" data-element_type=\"container\" data-e-type=\"container\">\n\t\t<div class=\"elementor-element elementor-element-76adbaf animated-fast e-con-full e-flex elementor-invisible e-con e-child\" data-id=\"76adbaf\" data-element_type=\"container\" data-e-type=\"container\" data-settings=\"{&quot;animation&quot;:&quot;slideInUp&quot;}\">\n\t\t\t\t<div class=\"elementor-element elementor-element-150eef7 elementor-widget elementor-widget-QT_Composed_Heading_Widget\" data-id=\"150eef7\" data-element_type=\"widget\" data-e-type=\"widget\" data-widget_type=\"QT_Composed_Heading_Widget.default\">\n\t\t\t\t<div class=\"elementor-widget-container\">\n\t\t\t\t\t<h1 class=\"qt-composed-heading-title\">\n            <span class=\"heading-first-title\">Terms and<\/span>\n            <span class=\"heading-second-title\">conditions<\/span><\/h1>\t\t\t\t<\/div>\n\t\t\t\t<\/div>\n\t\t\t\t<\/div>\n\t\t\t\t<\/div>\n\t\t<div class=\"elementor-element elementor-element-19990dd e-con-full animated-fast e-flex elementor-invisible e-con e-child\" data-id=\"19990dd\" data-element_type=\"container\" data-e-type=\"container\" data-settings=\"{&quot;animation&quot;:&quot;slideInUp&quot;}\">\n\t\t\t\t<div class=\"elementor-element elementor-element-5196bb8 elementor-widget elementor-widget-image\" data-id=\"5196bb8\" data-element_type=\"widget\" data-e-type=\"widget\" data-widget_type=\"image.default\">\n\t\t\t\t<div class=\"elementor-widget-container\">\n\t\t\t\t\t\t\t\t\t\t\t\t\t\t\t<img fetchpriority=\"high\" decoding=\"async\" width=\"1250\" height=\"650\" src=\"https:\/\/eccl.lu\/wp-content\/uploads\/2022\/11\/about-bg.jpg\" class=\"attachment-full size-full wp-image-3210\" alt=\"\" srcset=\"https:\/\/eccl.lu\/wp-content\/uploads\/2022\/11\/about-bg.jpg 1250w, https:\/\/eccl.lu\/wp-content\/uploads\/2022\/11\/about-bg-300x156.jpg 300w, https:\/\/eccl.lu\/wp-content\/uploads\/2022\/11\/about-bg-1024x532.jpg 1024w, https:\/\/eccl.lu\/wp-content\/uploads\/2022\/11\/about-bg-768x399.jpg 768w\" sizes=\"(max-width: 1250px) 100vw, 1250px\" \/>\t\t\t\t\t\t\t\t\t\t\t\t\t\t\t<\/div>\n\t\t\t\t<\/div>\n\t\t\t\t<\/div>\n\t\t\t\t<\/div>\n\t\t\t\t\t<\/div>\n\t\t\t\t<\/div>\n\t\t<div class=\"elementor-element elementor-element-90b97cc e-flex e-con-boxed e-con e-parent\" data-id=\"90b97cc\" data-element_type=\"container\" data-e-type=\"container\" data-settings=\"{&quot;background_background&quot;:&quot;classic&quot;}\">\n\t\t\t\t\t<div class=\"e-con-inner\">\n\t\t<div class=\"elementor-element elementor-element-d67359e e-con-full animated-fast e-flex elementor-invisible e-con e-child\" data-id=\"d67359e\" data-element_type=\"container\" data-e-type=\"container\" data-settings=\"{&quot;position&quot;:&quot;absolute&quot;,&quot;animation&quot;:&quot;fadeIn&quot;,&quot;animation_delay&quot;:250}\">\n\t\t\t\t<div class=\"elementor-element elementor-element-acc3e3d elementor-widget elementor-widget-image\" data-id=\"acc3e3d\" data-element_type=\"widget\" data-e-type=\"widget\" data-widget_type=\"image.default\">\n\t\t\t\t<div class=\"elementor-widget-container\">\n\t\t\t\t\t\t\t\t\t\t\t\t\t\t\t<img decoding=\"async\" width=\"874\" height=\"906\" src=\"https:\/\/eccl.lu\/wp-content\/uploads\/2023\/09\/eccl-dyson-sphere-2.svg\" class=\"attachment-full size-full wp-image-5507\" alt=\"\" \/>\t\t\t\t\t\t\t\t\t\t\t\t\t\t\t<\/div>\n\t\t\t\t<\/div>\n\t\t\t\t<\/div>\n\t\t<div class=\"elementor-element elementor-element-b335e59 e-con-full e-flex e-con e-child\" data-id=\"b335e59\" data-element_type=\"container\" data-e-type=\"container\">\n\t\t<div class=\"elementor-element elementor-element-29cd966 animated-fast e-flex e-con-boxed elementor-invisible e-con e-child\" data-id=\"29cd966\" data-element_type=\"container\" data-e-type=\"container\" data-settings=\"{&quot;animation&quot;:&quot;slideInUp&quot;}\">\n\t\t\t\t\t<div class=\"e-con-inner\">\n\t\t\t\t<div class=\"elementor-element elementor-element-0a8b132 elementor-widget elementor-widget-QT_Button_Widget\" data-id=\"0a8b132\" data-element_type=\"widget\" data-e-type=\"widget\" data-widget_type=\"QT_Button_Widget.default\">\n\t\t\t\t<div class=\"elementor-widget-container\">\n\t\t\t\t\t        <a  href=\"\/wp-content\/uploads\/2023\/09\/ECCL-Terms-Conditions-2023-2024.pdf\" target=\"_blank\" class=\"qt-button qt-button-primary\" role=\"button\">\n            <span aria-hidden=\"true\" class=\"line\"><\/span>\n            <span class=\"label\">Download terms and conditions<\/span>\n            \n                    <svg aria-hidden=\"true\" viewBox=\"0 0 35 35\" fill=\"none\" xmlns=\"http:\/\/www.w3.org\/2000\/svg\">\n                    <circle cx=\"17.9463\" cy=\"17.3508\" r=\"16.4819\" stroke=\"currentColor\"\/>\n                    <path d=\"M24.9158 17.5959C24.6734 17.5959 24.4768 17.7922 24.4768 18.0349V21.4374C24.4768 22.1635 23.8859 22.7546 23.1596 22.7546H12.7327C12.0067 22.7546 11.4156 22.1637 11.4156 21.4374V18.0349C11.4156 17.7921 11.2188 17.5959 10.9766 17.5959C10.7342 17.5959 10.5376 17.7922 10.5376 18.0349V21.4374C10.5376 22.6478 11.5223 23.6326 12.7327 23.6326H23.1596C24.37 23.6326 25.3547 22.6478 25.3547 21.4374V18.0349C25.3547 17.7921 25.1584 17.5959 24.9158 17.5959Z\" fill=\"currentColor\"\/>\n                    <path d=\"M18.3853 20.3947C18.3853 20.6376 18.189 20.8337 17.9463 20.8337C17.7039 20.8337 17.5073 20.6374 17.5073 20.3947V9.03493C17.5073 8.79255 17.7041 8.59595 17.9463 8.59595C18.1892 8.59595 18.3853 8.79271 18.3853 9.03493V20.3947Z\" fill=\"currentColor\"\/>\n                    <path d=\"M18.2619 20.6997C18.0933 20.874 17.8154 20.8784 17.6412 20.7098C17.4669 20.5412 17.462 20.2633 17.6311 20.0891L20.1493 17.4857C20.3179 17.3115 20.5962 17.307 20.77 17.4756C20.9443 17.6442 20.9487 17.9221 20.7801 18.0964L18.2619 20.6997Z\" fill=\"currentColor\"\/>\n                    <path d=\"M17.6308 20.6997C17.7994 20.874 18.0777 20.8784 18.2515 20.7098C18.4253 20.5412 18.4307 20.2633 18.2616 20.0891L15.7434 17.4857C15.5749 17.3115 15.2965 17.307 15.1227 17.4756C14.9484 17.6442 14.944 17.9221 15.1126 18.0964L17.6308 20.6997Z\" fill=\"currentColor\"\/>\n                    <\/svg>        <\/a>\n        \t\t\t\t<\/div>\n\t\t\t\t<\/div>\n\t\t\t\t\t<\/div>\n\t\t\t\t<\/div>\n\t\t\t\t<\/div>\n\t\t\t\t\t<\/div>\n\t\t\t\t<\/div>\n\t\t\t\t<\/div>\n\t\t","protected":false},"excerpt":{"rendered":"<p>Terms and conditions Download terms and conditions<\/p>\n","protected":false},"author":1,"featured_media":0,"parent":0,"menu_order":0,"comment_status":"closed","ping_status":"closed","template":"","meta":{"_acf_changed":false,"inline_featured_image":false,"footnotes":""},"class_list":["post-5124","page","type-page","status-publish","hentry"],"acf":[],"yoast_head":"<!-- This site is optimized with the Yoast SEO plugin v27.4 - https:\/\/yoast.com\/product\/yoast-seo-wordpress\/ -->\n<title>Terms and conditions - European Convention Center Luxembourg<\/title>\n<meta name=\"robots\" content=\"index, follow, max-snippet:-1, max-image-preview:large, max-video-preview:-1\" \/>\n<link rel=\"canonical\" href=\"https:\/\/eccl.lu\/en\/terms-conditions\/\" \/>\n<meta property=\"og:locale\" content=\"en_US\" \/>\n<meta property=\"og:type\" content=\"article\" \/>\n<meta property=\"og:title\" content=\"Terms and conditions - European Convention Center Luxembourg\" \/>\n<meta property=\"og:description\" content=\"Terms and conditions Download terms and conditions\" \/>\n<meta property=\"og:url\" content=\"https:\/\/eccl.lu\/en\/terms-conditions\/\" \/>\n<meta property=\"og:site_name\" content=\"European Convention Center Luxembourg\" \/>\n<meta property=\"article:modified_time\" content=\"2024-02-12T10:13:21+00:00\" \/>\n<meta property=\"og:image\" content=\"https:\/\/eccl.lu\/wp-content\/uploads\/2022\/11\/about-bg.jpg\" \/>\n<meta name=\"twitter:card\" content=\"summary_large_image\" \/>\n<meta name=\"twitter:label1\" content=\"Est. reading time\" \/>\n\t<meta name=\"twitter:data1\" content=\"1 minute\" \/>\n<script type=\"application\/ld+json\" class=\"yoast-schema-graph\">{\"@context\":\"https:\\\/\\\/schema.org\",\"@graph\":[{\"@type\":\"WebPage\",\"@id\":\"https:\\\/\\\/eccl.lu\\\/en\\\/terms-conditions\\\/\",\"url\":\"https:\\\/\\\/eccl.lu\\\/en\\\/terms-conditions\\\/\",\"name\":\"Terms and conditions - European Convention Center Luxembourg\",\"isPartOf\":{\"@id\":\"https:\\\/\\\/eccl.lu\\\/en\\\/#website\"},\"primaryImageOfPage\":{\"@id\":\"https:\\\/\\\/eccl.lu\\\/en\\\/terms-conditions\\\/#primaryimage\"},\"image\":{\"@id\":\"https:\\\/\\\/eccl.lu\\\/en\\\/terms-conditions\\\/#primaryimage\"},\"thumbnailUrl\":\"https:\\\/\\\/eccl.lu\\\/wp-content\\\/uploads\\\/2022\\\/11\\\/about-bg.jpg\",\"datePublished\":\"2022-12-17T18:23:30+00:00\",\"dateModified\":\"2024-02-12T10:13:21+00:00\",\"breadcrumb\":{\"@id\":\"https:\\\/\\\/eccl.lu\\\/en\\\/terms-conditions\\\/#breadcrumb\"},\"inLanguage\":\"en-US\",\"potentialAction\":[{\"@type\":\"ReadAction\",\"target\":[\"https:\\\/\\\/eccl.lu\\\/en\\\/terms-conditions\\\/\"]}]},{\"@type\":\"ImageObject\",\"inLanguage\":\"en-US\",\"@id\":\"https:\\\/\\\/eccl.lu\\\/en\\\/terms-conditions\\\/#primaryimage\",\"url\":\"https:\\\/\\\/eccl.lu\\\/wp-content\\\/uploads\\\/2022\\\/11\\\/about-bg.jpg\",\"contentUrl\":\"https:\\\/\\\/eccl.lu\\\/wp-content\\\/uploads\\\/2022\\\/11\\\/about-bg.jpg\"},{\"@type\":\"BreadcrumbList\",\"@id\":\"https:\\\/\\\/eccl.lu\\\/en\\\/terms-conditions\\\/#breadcrumb\",\"itemListElement\":[{\"@type\":\"ListItem\",\"position\":1,\"name\":\"Homepage\",\"item\":\"https:\\\/\\\/eccl.lu\\\/en\\\/\"},{\"@type\":\"ListItem\",\"position\":2,\"name\":\"Terms and conditions\"}]},{\"@type\":\"WebSite\",\"@id\":\"https:\\\/\\\/eccl.lu\\\/en\\\/#website\",\"url\":\"https:\\\/\\\/eccl.lu\\\/en\\\/\",\"name\":\"European Convention Center Luxembourg\",\"description\":\"Pour des \u00e9v\u00e9nements grav\u00e9s dans l\u2019histoire, faites appel \u00e0 l\u2019ECCL; Consultez nos offres et d\u00e9couvrez l&#039;unique palais des congr\u00e8s du Luxembourg\",\"publisher\":{\"@id\":\"https:\\\/\\\/eccl.lu\\\/en\\\/#organization\"},\"potentialAction\":[{\"@type\":\"SearchAction\",\"target\":{\"@type\":\"EntryPoint\",\"urlTemplate\":\"https:\\\/\\\/eccl.lu\\\/en\\\/?s={search_term_string}\"},\"query-input\":{\"@type\":\"PropertyValueSpecification\",\"valueRequired\":true,\"valueName\":\"search_term_string\"}}],\"inLanguage\":\"en-US\"},{\"@type\":\"Organization\",\"@id\":\"https:\\\/\\\/eccl.lu\\\/en\\\/#organization\",\"name\":\"European Convention Center Luxembourg\",\"url\":\"https:\\\/\\\/eccl.lu\\\/en\\\/\",\"logo\":{\"@type\":\"ImageObject\",\"inLanguage\":\"en-US\",\"@id\":\"https:\\\/\\\/eccl.lu\\\/en\\\/#\\\/schema\\\/logo\\\/image\\\/\",\"url\":\"https:\\\/\\\/eccl.lu\\\/wp-content\\\/uploads\\\/2022\\\/11\\\/eccl-logo.svg\",\"contentUrl\":\"https:\\\/\\\/eccl.lu\\\/wp-content\\\/uploads\\\/2022\\\/11\\\/eccl-logo.svg\",\"width\":290,\"height\":102,\"caption\":\"European Convention Center Luxembourg\"},\"image\":{\"@id\":\"https:\\\/\\\/eccl.lu\\\/en\\\/#\\\/schema\\\/logo\\\/image\\\/\"}}]}<\/script>\n<!-- \/ Yoast SEO plugin. -->","yoast_head_json":{"title":"Terms and conditions - European Convention Center Luxembourg","robots":{"index":"index","follow":"follow","max-snippet":"max-snippet:-1","max-image-preview":"max-image-preview:large","max-video-preview":"max-video-preview:-1"},"canonical":"https:\/\/eccl.lu\/en\/terms-conditions\/","og_locale":"en_US","og_type":"article","og_title":"Terms and conditions - European Convention Center Luxembourg","og_description":"Terms and conditions Download terms and conditions","og_url":"https:\/\/eccl.lu\/en\/terms-conditions\/","og_site_name":"European Convention Center Luxembourg","article_modified_time":"2024-02-12T10:13:21+00:00","og_image":[{"url":"https:\/\/eccl.lu\/wp-content\/uploads\/2022\/11\/about-bg.jpg","type":"","width":"","height":""}],"twitter_card":"summary_large_image","twitter_misc":{"Est. reading time":"1 minute"},"schema":{"@context":"https:\/\/schema.org","@graph":[{"@type":"WebPage","@id":"https:\/\/eccl.lu\/en\/terms-conditions\/","url":"https:\/\/eccl.lu\/en\/terms-conditions\/","name":"Terms and conditions - European Convention Center Luxembourg","isPartOf":{"@id":"https:\/\/eccl.lu\/en\/#website"},"primaryImageOfPage":{"@id":"https:\/\/eccl.lu\/en\/terms-conditions\/#primaryimage"},"image":{"@id":"https:\/\/eccl.lu\/en\/terms-conditions\/#primaryimage"},"thumbnailUrl":"https:\/\/eccl.lu\/wp-content\/uploads\/2022\/11\/about-bg.jpg","datePublished":"2022-12-17T18:23:30+00:00","dateModified":"2024-02-12T10:13:21+00:00","breadcrumb":{"@id":"https:\/\/eccl.lu\/en\/terms-conditions\/#breadcrumb"},"inLanguage":"en-US","potentialAction":[{"@type":"ReadAction","target":["https:\/\/eccl.lu\/en\/terms-conditions\/"]}]},{"@type":"ImageObject","inLanguage":"en-US","@id":"https:\/\/eccl.lu\/en\/terms-conditions\/#primaryimage","url":"https:\/\/eccl.lu\/wp-content\/uploads\/2022\/11\/about-bg.jpg","contentUrl":"https:\/\/eccl.lu\/wp-content\/uploads\/2022\/11\/about-bg.jpg"},{"@type":"BreadcrumbList","@id":"https:\/\/eccl.lu\/en\/terms-conditions\/#breadcrumb","itemListElement":[{"@type":"ListItem","position":1,"name":"Homepage","item":"https:\/\/eccl.lu\/en\/"},{"@type":"ListItem","position":2,"name":"Terms and conditions"}]},{"@type":"WebSite","@id":"https:\/\/eccl.lu\/en\/#website","url":"https:\/\/eccl.lu\/en\/","name":"European Convention Center Luxembourg","description":"Pour des \u00e9v\u00e9nements grav\u00e9s dans l\u2019histoire, faites appel \u00e0 l\u2019ECCL; Consultez nos offres et d\u00e9couvrez l&#039;unique palais des congr\u00e8s du Luxembourg","publisher":{"@id":"https:\/\/eccl.lu\/en\/#organization"},"potentialAction":[{"@type":"SearchAction","target":{"@type":"EntryPoint","urlTemplate":"https:\/\/eccl.lu\/en\/?s={search_term_string}"},"query-input":{"@type":"PropertyValueSpecification","valueRequired":true,"valueName":"search_term_string"}}],"inLanguage":"en-US"},{"@type":"Organization","@id":"https:\/\/eccl.lu\/en\/#organization","name":"European Convention Center Luxembourg","url":"https:\/\/eccl.lu\/en\/","logo":{"@type":"ImageObject","inLanguage":"en-US","@id":"https:\/\/eccl.lu\/en\/#\/schema\/logo\/image\/","url":"https:\/\/eccl.lu\/wp-content\/uploads\/2022\/11\/eccl-logo.svg","contentUrl":"https:\/\/eccl.lu\/wp-content\/uploads\/2022\/11\/eccl-logo.svg","width":290,"height":102,"caption":"European Convention Center Luxembourg"},"image":{"@id":"https:\/\/eccl.lu\/en\/#\/schema\/logo\/image\/"}}]}},"_links":{"self":[{"href":"https:\/\/eccl.lu\/en\/wp-json\/wp\/v2\/pages\/5124","targetHints":{"allow":["GET"]}}],"collection":[{"href":"https:\/\/eccl.lu\/en\/wp-json\/wp\/v2\/pages"}],"about":[{"href":"https:\/\/eccl.lu\/en\/wp-json\/wp\/v2\/types\/page"}],"author":[{"embeddable":true,"href":"https:\/\/eccl.lu\/en\/wp-json\/wp\/v2\/users\/1"}],"replies":[{"embeddable":true,"href":"https:\/\/eccl.lu\/en\/wp-json\/wp\/v2\/comments?post=5124"}],"version-history":[{"count":0,"href":"https:\/\/eccl.lu\/en\/wp-json\/wp\/v2\/pages\/5124\/revisions"}],"wp:attachment":[{"href":"https:\/\/eccl.lu\/en\/wp-json\/wp\/v2\/media?parent=5124"}],"curies":[{"name":"wp","href":"https:\/\/api.w.org\/{rel}","templated":true}]}}