{"id":5119,"date":"2022-12-01T09:11:32","date_gmt":"2022-12-01T08:11:32","guid":{"rendered":"https:\/\/eccl.wearequattro.com\/contactez-nous\/"},"modified":"2023-10-24T15:03:25","modified_gmt":"2023-10-24T14:03:25","slug":"contact-us","status":"publish","type":"page","link":"https:\/\/eccl.lu\/en\/contact-us\/","title":{"rendered":"Contact us"},"content":{"rendered":"\t\t<div data-elementor-type=\"wp-page\" data-elementor-id=\"5119\" class=\"elementor elementor-5119 elementor-2354\" data-elementor-post-type=\"page\">\n\t\t\t\t<div class=\"elementor-element elementor-element-489e33a animated-fast e-flex e-con-boxed elementor-invisible e-con e-parent\" data-id=\"489e33a\" data-element_type=\"container\" data-e-type=\"container\" data-settings=\"{&quot;animation&quot;:&quot;slideInUp&quot;}\">\n\t\t\t\t\t<div class=\"e-con-inner\">\n\t\t\t\t<div class=\"elementor-element elementor-element-00639aa elementor-widget elementor-widget-breadcrumbs\" data-id=\"00639aa\" data-element_type=\"widget\" data-e-type=\"widget\" data-widget_type=\"breadcrumbs.default\">\n\t\t\t\t<div class=\"elementor-widget-container\">\n\t\t\t\t\t<nav id=\"breadcrumbs\"><ol><li><a href=\"https:\/\/eccl.lu\/en\/\">Homepage<\/a><\/li><\/ol><\/nav>\t\t\t\t<\/div>\n\t\t\t\t<\/div>\n\t\t\t\t\t<\/div>\n\t\t\t\t<\/div>\n\t\t<div class=\"elementor-element elementor-element-6ce2be5 header-container e-flex e-con-boxed e-con e-parent\" data-id=\"6ce2be5\" data-element_type=\"container\" data-e-type=\"container\">\n\t\t\t\t\t<div class=\"e-con-inner\">\n\t\t<div class=\"elementor-element elementor-element-2b73534 e-con-full header-dyson-sphere-container elementor-hidden-tablet elementor-hidden-mobile e-flex e-con e-child\" data-id=\"2b73534\" data-element_type=\"container\" data-e-type=\"container\" data-settings=\"{&quot;position&quot;:&quot;absolute&quot;}\" aria-hidden=\"true\">\n\t\t\t\t<div class=\"elementor-element elementor-element-aab1b65 dyson-shpere animated-slow elementor-invisible elementor-widget elementor-widget-html\" data-id=\"aab1b65\" data-element_type=\"widget\" data-e-type=\"widget\" data-settings=\"{&quot;_animation&quot;:&quot;fadeIn&quot;,&quot;_animation_delay&quot;:500}\" data-widget_type=\"html.default\">\n\t\t\t\t<div class=\"elementor-widget-container\">\n\t\t\t\t\t<svg version=\"1.1\" fill=\"none\" xmlns=\"http:\/\/www.w3.org\/2000\/svg\" xmlns:xlink=\"http:\/\/www.w3.org\/1999\/xlink\" viewBox=\"0 0 333 332.2\" xml:space=\"preserve\">\n\t<circle cx=\"174.5\" cy=\"173.1\" r=\"153.6\" stroke=\"#00B8F1\" stroke-width=\".3\"\/>\n    <path d=\"M262.3,137.2c16.5,39.1,20.7,79.1,14.2,112c-6.5,32.9-23.8,58.8-50.1,69.9s-56.9,5.4-85-12.9\n\t\tc-28.1-18.3-53.8-49.2-70.3-88.3c-16.5-39.1-20.7-79.1-14.2-112C63.4,72.9,80.7,47,107,35.9c26.3-11.1,56.9-5.4,85,12.9\n\t\tC220.1,67.2,245.8,98.1,262.3,137.2z\" stroke=\"#00B8F1\" stroke-width=\".3\"\/>\n    <path d=\"M304.3,95c32,75.9-6.5,164.7-86.1,198.3s-170.1-0.8-202.1-76.8c-32-75.9,6.5-164.7,86.1-198.3\n\t\tC181.8-15.3,272.3,19.1,304.3,95z\" stroke=\"#00B8F1\" stroke-width=\".3\"\/>\n<\/svg>\t\t\t\t<\/div>\n\t\t\t\t<\/div>\n\t\t\t\t<\/div>\n\t\t<div class=\"elementor-element elementor-element-979e261 e-con-full animated-fast e-flex elementor-invisible e-con e-child\" data-id=\"979e261\" data-element_type=\"container\" data-e-type=\"container\" data-settings=\"{&quot;animation&quot;:&quot;slideInUp&quot;}\">\n\t\t\t\t<div class=\"elementor-element elementor-element-150eef7 elementor-widget elementor-widget-QT_Composed_Heading_Widget\" data-id=\"150eef7\" data-element_type=\"widget\" data-e-type=\"widget\" data-widget_type=\"QT_Composed_Heading_Widget.default\">\n\t\t\t\t<div class=\"elementor-widget-container\">\n\t\t\t\t\t<h1 class=\"qt-composed-heading-title\">\n            <span class=\"heading-first-title\">Need information?<\/span>\n            <span class=\"heading-second-title\">contact us<\/span><\/h1>\t\t\t\t<\/div>\n\t\t\t\t<\/div>\n\t\t\t\t<\/div>\n\t\t\t\t\t<\/div>\n\t\t\t\t<\/div>\n\t\t<div class=\"elementor-element elementor-element-236f42c contact-form-container e-flex e-con-boxed e-con e-parent\" data-id=\"236f42c\" data-element_type=\"container\" data-e-type=\"container\" data-settings=\"{&quot;background_background&quot;:&quot;classic&quot;}\">\n\t\t\t\t\t<div class=\"e-con-inner\">\n\t\t<div class=\"elementor-element elementor-element-8076003 e-con-full animated-fast e-flex elementor-invisible e-con e-child\" data-id=\"8076003\" data-element_type=\"container\" data-e-type=\"container\" data-settings=\"{&quot;position&quot;:&quot;absolute&quot;,&quot;animation&quot;:&quot;fadeIn&quot;,&quot;animation_delay&quot;:250}\" aria-hidden=\"true\">\n\t\t\t\t<div class=\"elementor-element elementor-element-52cce2b elementor-widget elementor-widget-image\" data-id=\"52cce2b\" data-element_type=\"widget\" data-e-type=\"widget\" data-widget_type=\"image.default\">\n\t\t\t\t<div class=\"elementor-widget-container\">\n\t\t\t\t\t\t\t\t\t\t\t\t\t\t\t<img fetchpriority=\"high\" decoding=\"async\" width=\"1138\" height=\"1139\" src=\"https:\/\/eccl.lu\/wp-content\/uploads\/2022\/11\/eccl-dyson-sphere-2.svg\" class=\"attachment-full size-full wp-image-3174\" alt=\"\" \/>\t\t\t\t\t\t\t\t\t\t\t\t\t\t\t<\/div>\n\t\t\t\t<\/div>\n\t\t\t\t<\/div>\n\t\t<div class=\"elementor-element elementor-element-1c63e40 e-flex e-con-boxed e-con e-child\" data-id=\"1c63e40\" data-element_type=\"container\" data-e-type=\"container\" data-settings=\"{&quot;background_background&quot;:&quot;classic&quot;}\">\n\t\t\t\t\t<div class=\"e-con-inner\">\n\t\t<div class=\"elementor-element elementor-element-9d21e8f e-con-full animated-fast e-flex elementor-invisible e-con e-child\" data-id=\"9d21e8f\" data-element_type=\"container\" data-e-type=\"container\" data-settings=\"{&quot;animation&quot;:&quot;slideInUp&quot;}\">\n\t\t\t\t<div class=\"elementor-element elementor-element-07bfd41 animated-fast elementor-invisible elementor-widget elementor-widget-wpforms\" data-id=\"07bfd41\" data-element_type=\"widget\" data-e-type=\"widget\" data-settings=\"{&quot;_animation&quot;:&quot;slideInUp&quot;}\" data-widget_type=\"wpforms.default\">\n\t\t\t\t<div class=\"elementor-widget-container\">\n\t\t\t\t\t<div class=\"wpforms-container wpforms-container-full normal-form\" id=\"wpforms-4323\"><form id=\"wpforms-form-4323\" class=\"wpforms-validate wpforms-form wpforms-ajax-form\" data-formid=\"4323\" method=\"post\" enctype=\"multipart\/form-data\" action=\"\/en\/wp-json\/wp\/v2\/pages\/5119\" data-token=\"818ab5ad5f1e119ce1b6c0e62e5d3d18\" data-token-time=\"1777429780\"><noscript class=\"wpforms-error-noscript\">Please enable JavaScript in your browser to complete this form.<\/noscript><div class=\"wpforms-field-container\"><div id=\"wpforms-4323-field_0-container\" class=\"wpforms-field wpforms-field-name\" data-field-id=\"0\"><label class=\"wpforms-field-label\" for=\"wpforms-4323-field_0\">Insert your company name: <span class=\"wpforms-required-label\">*<\/span><\/label><input type=\"text\" id=\"wpforms-4323-field_0\" class=\"wpforms-field-large wpforms-field-required\" name=\"wpforms[fields][0]\" placeholder=\"ex : ECCL\" autocomplete=\"organization\" required><\/div><div id=\"wpforms-4323-field_1-container\" class=\"wpforms-field wpforms-field-email\" data-field-id=\"1\"><label class=\"wpforms-field-label\" for=\"wpforms-4323-field_1\">Insert your e-mail address: <span class=\"wpforms-required-label\">*<\/span><\/label><input type=\"email\" id=\"wpforms-4323-field_1\" class=\"wpforms-field-large wpforms-field-required\" name=\"wpforms[fields][1]\" placeholder=\"ex : hello@eccl.lu\" spellcheck=\"false\" autocomplete=\"email\" required><\/div><div id=\"wpforms-4323-field_2-container\" class=\"wpforms-field wpforms-field-textarea\" data-field-id=\"2\"><label class=\"wpforms-field-label\" for=\"wpforms-4323-field_2\">Your message :<\/label><textarea id=\"wpforms-4323-field_2\" class=\"wpforms-field-large\" name=\"wpforms[fields][2]\" autocomplete=\"on\" ><\/textarea><\/div><\/div><!-- .wpforms-field-container --><div class=\"wpforms-recaptcha-container wpforms-is-recaptcha wpforms-is-recaptcha-type-v3\" ><input type=\"hidden\" name=\"wpforms[recaptcha]\" value=\"\"><\/div><div class=\"wpforms-submit-container\" ><input type=\"hidden\" name=\"wpforms[id]\" value=\"4323\"><input type=\"hidden\" name=\"page_title\" value=\"\"><input type=\"hidden\" name=\"page_url\" value=\"https:\/\/eccl.lu\/en\/wp-json\/wp\/v2\/pages\/5119\"><input type=\"hidden\" name=\"url_referer\" value=\"\"><button type=\"submit\" name=\"wpforms[submit]\" id=\"wpforms-submit-4323\" class=\"wpforms-submit\" data-alt-text=\"Sending...\" data-submit-text=\"Send\" aria-live=\"assertive\" value=\"wpforms-submit\">Send<\/button><img decoding=\"async\" src=\"https:\/\/eccl.lu\/wp-content\/plugins\/wpforms\/assets\/images\/submit-spin.svg\" class=\"wpforms-submit-spinner\" style=\"display: none;\" width=\"26\" height=\"26\" alt=\"Loading\"><\/div><\/form><\/div>  <!-- .wpforms-container -->\t\t\t\t<\/div>\n\t\t\t\t<\/div>\n\t\t\t\t<\/div>\n\t\t<div class=\"elementor-element elementor-element-ea7c78d e-con-full elementor-hidden-tablet elementor-hidden-mobile e-flex e-con e-child\" data-id=\"ea7c78d\" data-element_type=\"container\" data-e-type=\"container\">\n\t\t\t\t<\/div>\n\t\t<div class=\"elementor-element elementor-element-c42de6b e-con-full e-flex e-con e-child\" data-id=\"c42de6b\" data-element_type=\"container\" data-e-type=\"container\">\n\t\t<div class=\"elementor-element elementor-element-1e1f12b e-con-full elementor-hidden-tablet elementor-hidden-mobile animated-fast e-flex elementor-invisible e-con e-child\" data-id=\"1e1f12b\" data-element_type=\"container\" data-e-type=\"container\" data-settings=\"{&quot;animation&quot;:&quot;slideInUp&quot;}\" aria-hidden=\"true\">\n\t\t\t\t<div class=\"elementor-element elementor-element-d153041 animated-fast elementor-invisible elementor-widget elementor-widget-image\" data-id=\"d153041\" data-element_type=\"widget\" data-e-type=\"widget\" data-settings=\"{&quot;_animation&quot;:&quot;slideInUp&quot;}\" data-widget_type=\"image.default\">\n\t\t\t\t<div class=\"elementor-widget-container\">\n\t\t\t\t\t\t\t\t\t\t\t\t\t\t\t<img decoding=\"async\" width=\"2362\" height=\"1575\" src=\"https:\/\/eccl.lu\/wp-content\/uploads\/2023\/04\/Europe-square-@copyright-LCTO.jpg\" class=\"attachment-full size-full wp-image-5014\" alt=\"\" srcset=\"https:\/\/eccl.lu\/wp-content\/uploads\/2023\/04\/Europe-square-@copyright-LCTO.jpg 2362w, https:\/\/eccl.lu\/wp-content\/uploads\/2023\/04\/Europe-square-@copyright-LCTO-300x200.jpg 300w, https:\/\/eccl.lu\/wp-content\/uploads\/2023\/04\/Europe-square-@copyright-LCTO-1024x683.jpg 1024w, https:\/\/eccl.lu\/wp-content\/uploads\/2023\/04\/Europe-square-@copyright-LCTO-768x512.jpg 768w, https:\/\/eccl.lu\/wp-content\/uploads\/2023\/04\/Europe-square-@copyright-LCTO-1536x1024.jpg 1536w, https:\/\/eccl.lu\/wp-content\/uploads\/2023\/04\/Europe-square-@copyright-LCTO-2048x1366.jpg 2048w\" sizes=\"(max-width: 2362px) 100vw, 2362px\" \/>\t\t\t\t\t\t\t\t\t\t\t\t\t\t\t<\/div>\n\t\t\t\t<\/div>\n\t\t\t\t<div class=\"elementor-element elementor-element-d63b05f elementor-widget elementor-widget-spacer\" data-id=\"d63b05f\" data-element_type=\"widget\" data-e-type=\"widget\" data-widget_type=\"spacer.default\">\n\t\t\t\t<div class=\"elementor-widget-container\">\n\t\t\t\t\t\t\t<div class=\"elementor-spacer\">\n\t\t\t<div class=\"elementor-spacer-inner\"><\/div>\n\t\t<\/div>\n\t\t\t\t\t\t<\/div>\n\t\t\t\t<\/div>\n\t\t\t\t<\/div>\n\t\t<div class=\"elementor-element elementor-element-746d281 animated-fast e-flex e-con-boxed elementor-invisible e-con e-child\" data-id=\"746d281\" data-element_type=\"container\" data-e-type=\"container\" data-settings=\"{&quot;animation&quot;:&quot;slideInUp&quot;}\">\n\t\t\t\t\t<div class=\"e-con-inner\">\n\t\t<div class=\"elementor-element elementor-element-7b1221a e-flex e-con-boxed e-con e-child\" data-id=\"7b1221a\" data-element_type=\"container\" data-e-type=\"container\">\n\t\t\t\t\t<div class=\"e-con-inner\">\n\t\t\t\t<div class=\"elementor-element elementor-element-278e273 elementor-widget elementor-widget-heading\" data-id=\"278e273\" data-element_type=\"widget\" data-e-type=\"widget\" data-widget_type=\"heading.default\">\n\t\t\t\t<div class=\"elementor-widget-container\">\n\t\t\t\t\t<h4 class=\"elementor-heading-title elementor-size-default\">ECCL<\/h4>\t\t\t\t<\/div>\n\t\t\t\t<\/div>\n\t\t\t\t<div class=\"elementor-element elementor-element-19fe75e elementor-widget elementor-widget-text-editor\" data-id=\"19fe75e\" data-element_type=\"widget\" data-e-type=\"widget\" data-widget_type=\"text-editor.default\">\n\t\t\t\t<div class=\"elementor-widget-container\">\n\t\t\t\t\t\t\t\t\t<p><a href=\"https:\/\/www.google.be\/maps\/place\/1+Rue+du+Fort+Th%C3%BCngen,+1499+Luxembourg\/@49.6184627,6.1438907,17z\/data=!3m1!4b1!4m5!3m4!1s0x47954f370917f59f:0xb7083f50f52f12d!8m2!3d49.6184627!4d6.1460794?hl=fr\" target=\"_blank\" rel=\"noopener\">4 Place de l\u2019Europe<br \/>L-1499 Luxembourg<br \/>Luxembourg<\/a><\/p>\t\t\t\t\t\t\t\t<\/div>\n\t\t\t\t<\/div>\n\t\t\t\t\t<\/div>\n\t\t\t\t<\/div>\n\t\t<div class=\"elementor-element elementor-element-da78e7f e-flex e-con-boxed e-con e-child\" data-id=\"da78e7f\" data-element_type=\"container\" data-e-type=\"container\">\n\t\t\t\t\t<div class=\"e-con-inner\">\n\t\t\t\t<div class=\"elementor-element elementor-element-e94442d elementor-widget elementor-widget-heading\" data-id=\"e94442d\" data-element_type=\"widget\" data-e-type=\"widget\" data-widget_type=\"heading.default\">\n\t\t\t\t<div class=\"elementor-widget-container\">\n\t\t\t\t\t<h4 class=\"elementor-heading-title elementor-size-default\">Postal address:<br>Luxembourg Congress<\/h4>\t\t\t\t<\/div>\n\t\t\t\t<\/div>\n\t\t\t\t<div class=\"elementor-element elementor-element-16387c4 elementor-widget elementor-widget-text-editor\" data-id=\"16387c4\" data-element_type=\"widget\" data-e-type=\"widget\" data-widget_type=\"text-editor.default\">\n\t\t\t\t<div class=\"elementor-widget-container\">\n\t\t\t\t\t\t\t\t\t<p><a href=\"https:\/\/www.google.com\/maps\/place\/1+Rue+du+Fort+Th%C3%BCngen,+1499+Neudorf-Weimershof+Luxembourg\/data=!4m2!3m1!1s0x47954f370917f59f:0xb7083f50f52f12d?sa=X&amp;ved=2ahUKEwi1zfbJ7db-AhW5h_0HHbvFBJ4Q8gF6BAgIEAI\" target=\"_blank\" rel=\"noopener\">1 rue du Fort Th\u00fcngen<br \/>L-1499 Luxembourg<br \/>Luxembourg<\/a><\/p>\t\t\t\t\t\t\t\t<\/div>\n\t\t\t\t<\/div>\n\t\t\t\t\t<\/div>\n\t\t\t\t<\/div>\n\t\t<div class=\"elementor-element elementor-element-4a3ad63 e-flex e-con-boxed e-con e-child\" data-id=\"4a3ad63\" data-element_type=\"container\" data-e-type=\"container\">\n\t\t\t\t\t<div class=\"e-con-inner\">\n\t\t\t\t<div class=\"elementor-element elementor-element-3b84549 elementor-widget elementor-widget-heading\" data-id=\"3b84549\" data-element_type=\"widget\" data-e-type=\"widget\" data-widget_type=\"heading.default\">\n\t\t\t\t<div class=\"elementor-widget-container\">\n\t\t\t\t\t<h4 class=\"elementor-heading-title elementor-size-default\">E-Mail<\/h4>\t\t\t\t<\/div>\n\t\t\t\t<\/div>\n\t\t\t\t<div class=\"elementor-element elementor-element-8152d3e elementor-widget elementor-widget-text-editor\" data-id=\"8152d3e\" data-element_type=\"widget\" data-e-type=\"widget\" data-widget_type=\"text-editor.default\">\n\t\t\t\t<div class=\"elementor-widget-container\">\n\t\t\t\t\t\t\t\t\t<a href=\"mailto:%63o&#110;&#116;%61c&#116;&#064;e&#099;&#099;l%2e&#108;%75\">&#099;ont&#097;&#099;t&#064;&#101;&#099;c&#108;.&#108;u<\/a>\t\t\t\t\t\t\t\t<\/div>\n\t\t\t\t<\/div>\n\t\t\t\t\t<\/div>\n\t\t\t\t<\/div>\n\t\t<div class=\"elementor-element elementor-element-9299663 e-flex e-con-boxed e-con e-child\" data-id=\"9299663\" data-element_type=\"container\" data-e-type=\"container\">\n\t\t\t\t\t<div class=\"e-con-inner\">\n\t\t\t\t<div class=\"elementor-element elementor-element-bcd7edd elementor-widget elementor-widget-heading\" data-id=\"bcd7edd\" data-element_type=\"widget\" data-e-type=\"widget\" data-widget_type=\"heading.default\">\n\t\t\t\t<div class=\"elementor-widget-container\">\n\t\t\t\t\t<h4 class=\"elementor-heading-title elementor-size-default\">Phone<\/h4>\t\t\t\t<\/div>\n\t\t\t\t<\/div>\n\t\t\t\t<div class=\"elementor-element elementor-element-a80b4f0 elementor-widget elementor-widget-text-editor\" data-id=\"a80b4f0\" data-element_type=\"widget\" data-e-type=\"widget\" data-widget_type=\"text-editor.default\">\n\t\t\t\t<div class=\"elementor-widget-container\">\n\t\t\t\t\t\t\t\t\t<a href=\"tel:+352 43 02 57 751\">+352 43 02 57 751<\/a>\t\t\t\t\t\t\t\t<\/div>\n\t\t\t\t<\/div>\n\t\t\t\t\t<\/div>\n\t\t\t\t<\/div>\n\t\t\t\t\t<\/div>\n\t\t\t\t<\/div>\n\t\t\t\t<\/div>\n\t\t\t\t\t<\/div>\n\t\t\t\t<\/div>\n\t\t\t\t\t<\/div>\n\t\t\t\t<\/div>\n\t\t\t\t<\/div>\n\t\t","protected":false},"excerpt":{"rendered":"<p>Need information? contact us Please enable JavaScript in your browser to complete this form.Insert your company name: *Insert your e-mail address: *Your message : Send ECCL 4 Place de l\u2019EuropeL-1499 LuxembourgLuxembourg Postal address:Luxembourg Congress 1 rue du Fort Th\u00fcngenL-1499 LuxembourgLuxembourg E-Mail Phone +352 43 02 57 751<\/p>\n","protected":false},"author":1,"featured_media":0,"parent":0,"menu_order":0,"comment_status":"closed","ping_status":"closed","template":"","meta":{"_acf_changed":false,"inline_featured_image":false,"footnotes":""},"class_list":["post-5119","page","type-page","status-publish","hentry"],"acf":[],"yoast_head":"<!-- This site is optimized with the Yoast SEO plugin v27.4 - https:\/\/yoast.com\/product\/yoast-seo-wordpress\/ -->\n<title>Contact us - European Convention Center Luxembourg<\/title>\n<meta name=\"robots\" content=\"index, follow, max-snippet:-1, max-image-preview:large, max-video-preview:-1\" \/>\n<link rel=\"canonical\" href=\"https:\/\/eccl.lu\/en\/contact-us\/\" \/>\n<meta property=\"og:locale\" content=\"en_US\" \/>\n<meta property=\"og:type\" content=\"article\" \/>\n<meta property=\"og:title\" content=\"Contact us - European Convention Center Luxembourg\" \/>\n<meta property=\"og:description\" content=\"Need information? contact us Please enable JavaScript in your browser to complete this form.Insert your company name: *Insert your e-mail address: *Your message : Send ECCL 4 Place de l\u2019EuropeL-1499 LuxembourgLuxembourg Postal address:Luxembourg Congress 1 rue du Fort Th\u00fcngenL-1499 LuxembourgLuxembourg E-Mail Phone +352 43 02 57 751\" \/>\n<meta property=\"og:url\" content=\"https:\/\/eccl.lu\/en\/contact-us\/\" \/>\n<meta property=\"og:site_name\" content=\"European Convention Center Luxembourg\" \/>\n<meta property=\"article:modified_time\" content=\"2023-10-24T14:03:25+00:00\" \/>\n<meta property=\"og:image\" content=\"https:\/\/eccl.lu\/wp-content\/uploads\/2022\/11\/eccl-dyson-sphere-2.svg\" \/>\n<meta name=\"twitter:card\" content=\"summary_large_image\" \/>\n<meta name=\"twitter:label1\" content=\"Est. reading time\" \/>\n\t<meta name=\"twitter:data1\" content=\"1 minute\" \/>\n<script type=\"application\/ld+json\" class=\"yoast-schema-graph\">{\"@context\":\"https:\\\/\\\/schema.org\",\"@graph\":[{\"@type\":\"WebPage\",\"@id\":\"https:\\\/\\\/eccl.lu\\\/en\\\/contact-us\\\/\",\"url\":\"https:\\\/\\\/eccl.lu\\\/en\\\/contact-us\\\/\",\"name\":\"Contact us - European Convention Center Luxembourg\",\"isPartOf\":{\"@id\":\"https:\\\/\\\/eccl.lu\\\/en\\\/#website\"},\"primaryImageOfPage\":{\"@id\":\"https:\\\/\\\/eccl.lu\\\/en\\\/contact-us\\\/#primaryimage\"},\"image\":{\"@id\":\"https:\\\/\\\/eccl.lu\\\/en\\\/contact-us\\\/#primaryimage\"},\"thumbnailUrl\":\"https:\\\/\\\/eccl.lu\\\/wp-content\\\/uploads\\\/2022\\\/11\\\/eccl-dyson-sphere-2.svg\",\"datePublished\":\"2022-12-01T08:11:32+00:00\",\"dateModified\":\"2023-10-24T14:03:25+00:00\",\"breadcrumb\":{\"@id\":\"https:\\\/\\\/eccl.lu\\\/en\\\/contact-us\\\/#breadcrumb\"},\"inLanguage\":\"en-US\",\"potentialAction\":[{\"@type\":\"ReadAction\",\"target\":[\"https:\\\/\\\/eccl.lu\\\/en\\\/contact-us\\\/\"]}]},{\"@type\":\"ImageObject\",\"inLanguage\":\"en-US\",\"@id\":\"https:\\\/\\\/eccl.lu\\\/en\\\/contact-us\\\/#primaryimage\",\"url\":\"https:\\\/\\\/eccl.lu\\\/wp-content\\\/uploads\\\/2022\\\/11\\\/eccl-dyson-sphere-2.svg\",\"contentUrl\":\"https:\\\/\\\/eccl.lu\\\/wp-content\\\/uploads\\\/2022\\\/11\\\/eccl-dyson-sphere-2.svg\"},{\"@type\":\"BreadcrumbList\",\"@id\":\"https:\\\/\\\/eccl.lu\\\/en\\\/contact-us\\\/#breadcrumb\",\"itemListElement\":[{\"@type\":\"ListItem\",\"position\":1,\"name\":\"Homepage\",\"item\":\"https:\\\/\\\/eccl.lu\\\/en\\\/\"},{\"@type\":\"ListItem\",\"position\":2,\"name\":\"Contact us\"}]},{\"@type\":\"WebSite\",\"@id\":\"https:\\\/\\\/eccl.lu\\\/en\\\/#website\",\"url\":\"https:\\\/\\\/eccl.lu\\\/en\\\/\",\"name\":\"European Convention Center Luxembourg\",\"description\":\"Pour des \u00e9v\u00e9nements grav\u00e9s dans l\u2019histoire, faites appel \u00e0 l\u2019ECCL; Consultez nos offres et d\u00e9couvrez l&#039;unique palais des congr\u00e8s du Luxembourg\",\"publisher\":{\"@id\":\"https:\\\/\\\/eccl.lu\\\/en\\\/#organization\"},\"potentialAction\":[{\"@type\":\"SearchAction\",\"target\":{\"@type\":\"EntryPoint\",\"urlTemplate\":\"https:\\\/\\\/eccl.lu\\\/en\\\/?s={search_term_string}\"},\"query-input\":{\"@type\":\"PropertyValueSpecification\",\"valueRequired\":true,\"valueName\":\"search_term_string\"}}],\"inLanguage\":\"en-US\"},{\"@type\":\"Organization\",\"@id\":\"https:\\\/\\\/eccl.lu\\\/en\\\/#organization\",\"name\":\"European Convention Center Luxembourg\",\"url\":\"https:\\\/\\\/eccl.lu\\\/en\\\/\",\"logo\":{\"@type\":\"ImageObject\",\"inLanguage\":\"en-US\",\"@id\":\"https:\\\/\\\/eccl.lu\\\/en\\\/#\\\/schema\\\/logo\\\/image\\\/\",\"url\":\"https:\\\/\\\/eccl.lu\\\/wp-content\\\/uploads\\\/2022\\\/11\\\/eccl-logo.svg\",\"contentUrl\":\"https:\\\/\\\/eccl.lu\\\/wp-content\\\/uploads\\\/2022\\\/11\\\/eccl-logo.svg\",\"width\":290,\"height\":102,\"caption\":\"European Convention Center Luxembourg\"},\"image\":{\"@id\":\"https:\\\/\\\/eccl.lu\\\/en\\\/#\\\/schema\\\/logo\\\/image\\\/\"}}]}<\/script>\n<!-- \/ Yoast SEO plugin. -->","yoast_head_json":{"title":"Contact us - European Convention Center Luxembourg","robots":{"index":"index","follow":"follow","max-snippet":"max-snippet:-1","max-image-preview":"max-image-preview:large","max-video-preview":"max-video-preview:-1"},"canonical":"https:\/\/eccl.lu\/en\/contact-us\/","og_locale":"en_US","og_type":"article","og_title":"Contact us - European Convention Center Luxembourg","og_description":"Need information? contact us Please enable JavaScript in your browser to complete this form.Insert your company name: *Insert your e-mail address: *Your message : Send ECCL 4 Place de l\u2019EuropeL-1499 LuxembourgLuxembourg Postal address:Luxembourg Congress 1 rue du Fort Th\u00fcngenL-1499 LuxembourgLuxembourg E-Mail Phone +352 43 02 57 751","og_url":"https:\/\/eccl.lu\/en\/contact-us\/","og_site_name":"European Convention Center Luxembourg","article_modified_time":"2023-10-24T14:03:25+00:00","og_image":[{"url":"https:\/\/eccl.lu\/wp-content\/uploads\/2022\/11\/eccl-dyson-sphere-2.svg","type":"","width":"","height":""}],"twitter_card":"summary_large_image","twitter_misc":{"Est. reading time":"1 minute"},"schema":{"@context":"https:\/\/schema.org","@graph":[{"@type":"WebPage","@id":"https:\/\/eccl.lu\/en\/contact-us\/","url":"https:\/\/eccl.lu\/en\/contact-us\/","name":"Contact us - European Convention Center Luxembourg","isPartOf":{"@id":"https:\/\/eccl.lu\/en\/#website"},"primaryImageOfPage":{"@id":"https:\/\/eccl.lu\/en\/contact-us\/#primaryimage"},"image":{"@id":"https:\/\/eccl.lu\/en\/contact-us\/#primaryimage"},"thumbnailUrl":"https:\/\/eccl.lu\/wp-content\/uploads\/2022\/11\/eccl-dyson-sphere-2.svg","datePublished":"2022-12-01T08:11:32+00:00","dateModified":"2023-10-24T14:03:25+00:00","breadcrumb":{"@id":"https:\/\/eccl.lu\/en\/contact-us\/#breadcrumb"},"inLanguage":"en-US","potentialAction":[{"@type":"ReadAction","target":["https:\/\/eccl.lu\/en\/contact-us\/"]}]},{"@type":"ImageObject","inLanguage":"en-US","@id":"https:\/\/eccl.lu\/en\/contact-us\/#primaryimage","url":"https:\/\/eccl.lu\/wp-content\/uploads\/2022\/11\/eccl-dyson-sphere-2.svg","contentUrl":"https:\/\/eccl.lu\/wp-content\/uploads\/2022\/11\/eccl-dyson-sphere-2.svg"},{"@type":"BreadcrumbList","@id":"https:\/\/eccl.lu\/en\/contact-us\/#breadcrumb","itemListElement":[{"@type":"ListItem","position":1,"name":"Homepage","item":"https:\/\/eccl.lu\/en\/"},{"@type":"ListItem","position":2,"name":"Contact us"}]},{"@type":"WebSite","@id":"https:\/\/eccl.lu\/en\/#website","url":"https:\/\/eccl.lu\/en\/","name":"European Convention Center Luxembourg","description":"Pour des \u00e9v\u00e9nements grav\u00e9s dans l\u2019histoire, faites appel \u00e0 l\u2019ECCL; Consultez nos offres et d\u00e9couvrez l&#039;unique palais des congr\u00e8s du Luxembourg","publisher":{"@id":"https:\/\/eccl.lu\/en\/#organization"},"potentialAction":[{"@type":"SearchAction","target":{"@type":"EntryPoint","urlTemplate":"https:\/\/eccl.lu\/en\/?s={search_term_string}"},"query-input":{"@type":"PropertyValueSpecification","valueRequired":true,"valueName":"search_term_string"}}],"inLanguage":"en-US"},{"@type":"Organization","@id":"https:\/\/eccl.lu\/en\/#organization","name":"European Convention Center Luxembourg","url":"https:\/\/eccl.lu\/en\/","logo":{"@type":"ImageObject","inLanguage":"en-US","@id":"https:\/\/eccl.lu\/en\/#\/schema\/logo\/image\/","url":"https:\/\/eccl.lu\/wp-content\/uploads\/2022\/11\/eccl-logo.svg","contentUrl":"https:\/\/eccl.lu\/wp-content\/uploads\/2022\/11\/eccl-logo.svg","width":290,"height":102,"caption":"European Convention Center Luxembourg"},"image":{"@id":"https:\/\/eccl.lu\/en\/#\/schema\/logo\/image\/"}}]}},"_links":{"self":[{"href":"https:\/\/eccl.lu\/en\/wp-json\/wp\/v2\/pages\/5119","targetHints":{"allow":["GET"]}}],"collection":[{"href":"https:\/\/eccl.lu\/en\/wp-json\/wp\/v2\/pages"}],"about":[{"href":"https:\/\/eccl.lu\/en\/wp-json\/wp\/v2\/types\/page"}],"author":[{"embeddable":true,"href":"https:\/\/eccl.lu\/en\/wp-json\/wp\/v2\/users\/1"}],"replies":[{"embeddable":true,"href":"https:\/\/eccl.lu\/en\/wp-json\/wp\/v2\/comments?post=5119"}],"version-history":[{"count":0,"href":"https:\/\/eccl.lu\/en\/wp-json\/wp\/v2\/pages\/5119\/revisions"}],"wp:attachment":[{"href":"https:\/\/eccl.lu\/en\/wp-json\/wp\/v2\/media?parent=5119"}],"curies":[{"name":"wp","href":"https:\/\/api.w.org\/{rel}","templated":true}]}}