{"id":5116,"date":"2022-12-12T14:57:55","date_gmt":"2022-12-12T13:57:55","guid":{"rendered":"https:\/\/eccl.wearequattro.com\/virtual-tour\/"},"modified":"2025-10-27T15:28:56","modified_gmt":"2025-10-27T14:28:56","slug":"virtual-tour","status":"publish","type":"page","link":"https:\/\/eccl.lu\/en\/virtual-tour\/","title":{"rendered":"Virtual Tour"},"content":{"rendered":"\t\t<div data-elementor-type=\"wp-page\" data-elementor-id=\"5116\" class=\"elementor elementor-5116 elementor-3454\" data-elementor-post-type=\"page\">\n\t\t\t\t<div class=\"elementor-element elementor-element-dbab663 animated-fast e-flex e-con-boxed elementor-invisible e-con e-parent\" data-id=\"dbab663\" data-element_type=\"container\" data-e-type=\"container\" data-settings=\"{&quot;animation&quot;:&quot;slideInUp&quot;}\">\n\t\t\t\t\t<div class=\"e-con-inner\">\n\t\t\t\t<div class=\"elementor-element elementor-element-8d00aa4 elementor-widget elementor-widget-breadcrumbs\" data-id=\"8d00aa4\" data-element_type=\"widget\" data-e-type=\"widget\" data-widget_type=\"breadcrumbs.default\">\n\t\t\t\t<div class=\"elementor-widget-container\">\n\t\t\t\t\t<nav id=\"breadcrumbs\"><ol><li><a href=\"https:\/\/eccl.lu\/en\/\">Homepage<\/a><\/li><\/ol><\/nav>\t\t\t\t<\/div>\n\t\t\t\t<\/div>\n\t\t\t\t\t<\/div>\n\t\t\t\t<\/div>\n\t\t<div class=\"elementor-element elementor-element-cbf82cb header-container e-flex e-con-boxed e-con e-parent\" data-id=\"cbf82cb\" data-element_type=\"container\" data-e-type=\"container\">\n\t\t\t\t\t<div class=\"e-con-inner\">\n\t\t<div class=\"elementor-element elementor-element-d8faaeb e-con-full e-flex e-con e-child\" data-id=\"d8faaeb\" data-element_type=\"container\" data-e-type=\"container\">\n\t\t<div class=\"elementor-element elementor-element-98de991 e-con-full e-flex e-con e-child\" data-id=\"98de991\" data-element_type=\"container\" data-e-type=\"container\">\n\t\t<div class=\"elementor-element elementor-element-207e98c animated-fast e-con-full e-flex elementor-invisible e-con e-child\" data-id=\"207e98c\" data-element_type=\"container\" data-e-type=\"container\" data-settings=\"{&quot;animation&quot;:&quot;slideInUp&quot;}\">\n\t\t\t\t<div class=\"elementor-element elementor-element-e9b630a elementor-widget elementor-widget-QT_Composed_Heading_Widget\" data-id=\"e9b630a\" data-element_type=\"widget\" data-e-type=\"widget\" data-widget_type=\"QT_Composed_Heading_Widget.default\">\n\t\t\t\t<div class=\"elementor-widget-container\">\n\t\t\t\t\t<h1 class=\"qt-composed-heading-title\">\n            <span class=\"heading-first-title\">Virtual<\/span>\n            <span class=\"heading-second-title\">Tour<\/span><\/h1>\t\t\t\t<\/div>\n\t\t\t\t<\/div>\n\t\t\t\t<\/div>\n\t\t\t\t<\/div>\n\t\t<div class=\"elementor-element elementor-element-27e2cdf e-con-full animated-fast header-image e-flex elementor-invisible e-con e-child\" data-id=\"27e2cdf\" data-element_type=\"container\" data-e-type=\"container\" data-settings=\"{&quot;animation&quot;:&quot;slideInUp&quot;}\">\n\t\t\t\t<div class=\"elementor-element elementor-element-c141d1a elementor-widget elementor-widget-image\" data-id=\"c141d1a\" data-element_type=\"widget\" data-e-type=\"widget\" data-widget_type=\"image.default\">\n\t\t\t\t<div class=\"elementor-widget-container\">\n\t\t\t\t\t\t\t\t\t\t\t\t\t\t\t<img fetchpriority=\"high\" decoding=\"async\" width=\"1920\" height=\"1080\" src=\"https:\/\/eccl.lu\/wp-content\/uploads\/2023\/02\/VT-header.jpg\" class=\"attachment-full size-full wp-image-4593\" alt=\"\" srcset=\"https:\/\/eccl.lu\/wp-content\/uploads\/2023\/02\/VT-header.jpg 1920w, https:\/\/eccl.lu\/wp-content\/uploads\/2023\/02\/VT-header-300x169.jpg 300w, https:\/\/eccl.lu\/wp-content\/uploads\/2023\/02\/VT-header-1024x576.jpg 1024w, https:\/\/eccl.lu\/wp-content\/uploads\/2023\/02\/VT-header-768x432.jpg 768w, https:\/\/eccl.lu\/wp-content\/uploads\/2023\/02\/VT-header-1536x864.jpg 1536w\" sizes=\"(max-width: 1920px) 100vw, 1920px\" \/>\t\t\t\t\t\t\t\t\t\t\t\t\t\t\t<\/div>\n\t\t\t\t<\/div>\n\t\t\t\t<\/div>\n\t\t\t\t<\/div>\n\t\t<div class=\"elementor-element elementor-element-2e3957a e-con-full e-flex e-con e-child\" data-id=\"2e3957a\" data-element_type=\"container\" data-e-type=\"container\">\n\t\t<div class=\"elementor-element elementor-element-ac84288 e-con-full animated-fast e-flex elementor-invisible e-con e-child\" data-id=\"ac84288\" data-element_type=\"container\" data-e-type=\"container\" data-settings=\"{&quot;animation&quot;:&quot;slideInUp&quot;}\">\n\t\t\t\t<div class=\"elementor-element elementor-element-24d1b14 elementor-widget elementor-widget-QT_Button_Widget\" data-id=\"24d1b14\" data-element_type=\"widget\" data-e-type=\"widget\" data-widget_type=\"QT_Button_Widget.default\">\n\t\t\t\t<div class=\"elementor-widget-container\">\n\t\t\t\t\t        <a  href=\"#virtual-tour\" title=\"Allez vers la section des salles\" class=\"qt-button qt-button-custom\" role=\"button\">\n            <span aria-hidden=\"true\" class=\"line\"><\/span>\n            <span class=\"label\">Our 360\u00b0 rooms<\/span>\n            \n                <svg aria-hidden=\"true\" xmlns=\"http:\/\/www.w3.org\/2000\/svg\" width=\"21\" height=\"19\" viewBox=\"0 0 21 19\" fill=\"none\">\n                <path d=\"M10.8299 18.255C10.9071 18.255 10.984 18.2165 11.0611 18.1778L20.6956 10.6243L20.2333 10.0077L11.2153 17.0601L11.2153 0.989746L10.4447 0.989746L10.4447 17.0601L1.42673 10.0077L0.964355 10.6243L10.5989 18.1778C10.676 18.2163 10.7528 18.255 10.8299 18.255Z\" fill=\"currentColor\"\/>\n                <\/svg>        <\/a>\n        \t\t\t\t<\/div>\n\t\t\t\t<\/div>\n\t\t\t\t<\/div>\n\t\t\t\t<\/div>\n\t\t\t\t\t<\/div>\n\t\t\t\t<\/div>\n\t\t<div class=\"elementor-element elementor-element-3b4d3b9 e-flex e-con-boxed e-con e-parent\" data-id=\"3b4d3b9\" data-element_type=\"container\" data-e-type=\"container\">\n\t\t\t\t\t<div class=\"e-con-inner\">\n\t\t<div class=\"elementor-element elementor-element-4635f67 e-con-full animated-fast e-flex elementor-invisible e-con e-child\" data-id=\"4635f67\" data-element_type=\"container\" data-e-type=\"container\" data-settings=\"{&quot;animation&quot;:&quot;slideInUp&quot;}\">\n\t\t\t\t<div class=\"elementor-element elementor-element-6555595 elementor-widget elementor-widget-QT_Composed_Heading_Widget\" data-id=\"6555595\" data-element_type=\"widget\" data-e-type=\"widget\" data-widget_type=\"QT_Composed_Heading_Widget.default\">\n\t\t\t\t<div class=\"elementor-widget-container\">\n\t\t\t\t\t<h2 class=\"qt-composed-heading-title\">\n            <span class=\"heading-first-title\">Move around<\/span>\n            <span class=\"heading-second-title\">our 360\u00b0 rooms<\/span><\/h2>\t\t\t\t<\/div>\n\t\t\t\t<\/div>\n\t\t\t\t<\/div>\n\t\t<div class=\"elementor-element elementor-element-1c76e3a e-con-full animated-fast e-flex elementor-invisible e-con e-child\" data-id=\"1c76e3a\" data-element_type=\"container\" data-e-type=\"container\" data-settings=\"{&quot;animation&quot;:&quot;slideInUp&quot;}\">\n\t\t\t\t<div class=\"elementor-element elementor-element-633a1fe elementor-widget elementor-widget-text-editor\" data-id=\"633a1fe\" data-element_type=\"widget\" data-e-type=\"widget\" data-widget_type=\"text-editor.default\">\n\t\t\t\t<div class=\"elementor-widget-container\">\n\t\t\t\t\t\t\t\t\t<p>A new immersive and intuitive navigation mode to browse and discover the ECCL universe and its meeting rooms.<\/p>\n<p>Navigate freely in our building to visualize and project your future event.<\/p>\t\t\t\t\t\t\t\t<\/div>\n\t\t\t\t<\/div>\n\t\t\t\t<\/div>\n\t\t\t\t\t<\/div>\n\t\t\t\t<\/div>\n\t\t<div class=\"elementor-element elementor-element-4140128 e-con-full e-flex e-con e-parent\" data-id=\"4140128\" data-element_type=\"container\" data-e-type=\"container\" id=\"virtual-tour\">\n\t\t<div class=\"elementor-element elementor-element-6455b88 tour-iframe-container animated-fast e-flex e-con-boxed elementor-invisible e-con e-child\" data-id=\"6455b88\" data-element_type=\"container\" data-e-type=\"container\" data-settings=\"{&quot;animation&quot;:&quot;slideInUp&quot;}\">\n\t\t\t\t\t<div class=\"e-con-inner\">\n\t\t\t\t<div class=\"elementor-element elementor-element-3168982 elementor-widget elementor-widget-html\" data-id=\"3168982\" data-element_type=\"widget\" data-e-type=\"widget\" data-widget_type=\"html.default\">\n\t\t\t\t<div class=\"elementor-widget-container\">\n\t\t\t\t\t<iframe data-cookieblock-src=\"https:\/\/venuetour.eccl.lu\/?panorama=aeria_luxcongress\" height=\"100%\" data-cookieconsent=\"marketing\" frameborder=\"0\"><\/iframe>\n<div class=\"cookieconsent-wrapper cookieconsent-optout-marketing\">\n    <p>Please <a href=\"javascript: Cookiebot.renew()\">accept marketing cookies<\/a> to view this content.<\/p>\n<\/div>\t\t\t\t<\/div>\n\t\t\t\t<\/div>\n\t\t\t\t\t<\/div>\n\t\t\t\t<\/div>\n\t\t\t\t<\/div>\n\t\t\t\t<\/div>\n\t\t","protected":false},"excerpt":{"rendered":"<p>Virtual Tour Our 360\u00b0 rooms Move around our 360\u00b0 rooms A new immersive and intuitive navigation mode to browse and discover the ECCL universe and its meeting rooms. Navigate freely in our building to visualize and project your future event. Please accept marketing cookies to view this content.<\/p>\n","protected":false},"author":1,"featured_media":0,"parent":0,"menu_order":0,"comment_status":"closed","ping_status":"closed","template":"","meta":{"_acf_changed":false,"inline_featured_image":false,"footnotes":""},"class_list":["post-5116","page","type-page","status-publish","hentry"],"acf":[],"yoast_head":"<!-- This site is optimized with the Yoast SEO plugin v27.4 - https:\/\/yoast.com\/product\/yoast-seo-wordpress\/ -->\n<title>Virtual Tour - European Convention Center Luxembourg<\/title>\n<meta name=\"robots\" content=\"index, follow, max-snippet:-1, max-image-preview:large, max-video-preview:-1\" \/>\n<link rel=\"canonical\" href=\"https:\/\/eccl.lu\/en\/virtual-tour\/\" \/>\n<meta property=\"og:locale\" content=\"en_US\" \/>\n<meta property=\"og:type\" content=\"article\" \/>\n<meta property=\"og:title\" content=\"Virtual Tour - European Convention Center Luxembourg\" \/>\n<meta property=\"og:description\" content=\"Virtual Tour Our 360\u00b0 rooms Move around our 360\u00b0 rooms A new immersive and intuitive navigation mode to browse and discover the ECCL universe and its meeting rooms. Navigate freely in our building to visualize and project your future event. Please accept marketing cookies to view this content.\" \/>\n<meta property=\"og:url\" content=\"https:\/\/eccl.lu\/en\/virtual-tour\/\" \/>\n<meta property=\"og:site_name\" content=\"European Convention Center Luxembourg\" \/>\n<meta property=\"article:modified_time\" content=\"2025-10-27T14:28:56+00:00\" \/>\n<meta property=\"og:image\" content=\"https:\/\/eccl.lu\/wp-content\/uploads\/2023\/02\/VT-header.jpg\" \/>\n\t<meta property=\"og:image:width\" content=\"1920\" \/>\n\t<meta property=\"og:image:height\" content=\"1080\" \/>\n\t<meta property=\"og:image:type\" content=\"image\/jpeg\" \/>\n<meta name=\"twitter:card\" content=\"summary_large_image\" \/>\n<meta name=\"twitter:label1\" content=\"Est. reading time\" \/>\n\t<meta name=\"twitter:data1\" content=\"1 minute\" \/>\n<script type=\"application\/ld+json\" class=\"yoast-schema-graph\">{\"@context\":\"https:\\\/\\\/schema.org\",\"@graph\":[{\"@type\":\"WebPage\",\"@id\":\"https:\\\/\\\/eccl.lu\\\/en\\\/virtual-tour\\\/\",\"url\":\"https:\\\/\\\/eccl.lu\\\/en\\\/virtual-tour\\\/\",\"name\":\"Virtual Tour - European Convention Center Luxembourg\",\"isPartOf\":{\"@id\":\"https:\\\/\\\/eccl.lu\\\/en\\\/#website\"},\"primaryImageOfPage\":{\"@id\":\"https:\\\/\\\/eccl.lu\\\/en\\\/virtual-tour\\\/#primaryimage\"},\"image\":{\"@id\":\"https:\\\/\\\/eccl.lu\\\/en\\\/virtual-tour\\\/#primaryimage\"},\"thumbnailUrl\":\"https:\\\/\\\/eccl.lu\\\/wp-content\\\/uploads\\\/2023\\\/02\\\/VT-header.jpg\",\"datePublished\":\"2022-12-12T13:57:55+00:00\",\"dateModified\":\"2025-10-27T14:28:56+00:00\",\"breadcrumb\":{\"@id\":\"https:\\\/\\\/eccl.lu\\\/en\\\/virtual-tour\\\/#breadcrumb\"},\"inLanguage\":\"en-US\",\"potentialAction\":[{\"@type\":\"ReadAction\",\"target\":[\"https:\\\/\\\/eccl.lu\\\/en\\\/virtual-tour\\\/\"]}]},{\"@type\":\"ImageObject\",\"inLanguage\":\"en-US\",\"@id\":\"https:\\\/\\\/eccl.lu\\\/en\\\/virtual-tour\\\/#primaryimage\",\"url\":\"https:\\\/\\\/eccl.lu\\\/wp-content\\\/uploads\\\/2023\\\/02\\\/VT-header.jpg\",\"contentUrl\":\"https:\\\/\\\/eccl.lu\\\/wp-content\\\/uploads\\\/2023\\\/02\\\/VT-header.jpg\"},{\"@type\":\"BreadcrumbList\",\"@id\":\"https:\\\/\\\/eccl.lu\\\/en\\\/virtual-tour\\\/#breadcrumb\",\"itemListElement\":[{\"@type\":\"ListItem\",\"position\":1,\"name\":\"Homepage\",\"item\":\"https:\\\/\\\/eccl.lu\\\/en\\\/\"},{\"@type\":\"ListItem\",\"position\":2,\"name\":\"Virtual Tour\"}]},{\"@type\":\"WebSite\",\"@id\":\"https:\\\/\\\/eccl.lu\\\/en\\\/#website\",\"url\":\"https:\\\/\\\/eccl.lu\\\/en\\\/\",\"name\":\"European Convention Center Luxembourg\",\"description\":\"Pour des \u00e9v\u00e9nements grav\u00e9s dans l\u2019histoire, faites appel \u00e0 l\u2019ECCL; Consultez nos offres et d\u00e9couvrez l&#039;unique palais des congr\u00e8s du Luxembourg\",\"publisher\":{\"@id\":\"https:\\\/\\\/eccl.lu\\\/en\\\/#organization\"},\"potentialAction\":[{\"@type\":\"SearchAction\",\"target\":{\"@type\":\"EntryPoint\",\"urlTemplate\":\"https:\\\/\\\/eccl.lu\\\/en\\\/?s={search_term_string}\"},\"query-input\":{\"@type\":\"PropertyValueSpecification\",\"valueRequired\":true,\"valueName\":\"search_term_string\"}}],\"inLanguage\":\"en-US\"},{\"@type\":\"Organization\",\"@id\":\"https:\\\/\\\/eccl.lu\\\/en\\\/#organization\",\"name\":\"European Convention Center Luxembourg\",\"url\":\"https:\\\/\\\/eccl.lu\\\/en\\\/\",\"logo\":{\"@type\":\"ImageObject\",\"inLanguage\":\"en-US\",\"@id\":\"https:\\\/\\\/eccl.lu\\\/en\\\/#\\\/schema\\\/logo\\\/image\\\/\",\"url\":\"https:\\\/\\\/eccl.lu\\\/wp-content\\\/uploads\\\/2022\\\/11\\\/eccl-logo.svg\",\"contentUrl\":\"https:\\\/\\\/eccl.lu\\\/wp-content\\\/uploads\\\/2022\\\/11\\\/eccl-logo.svg\",\"width\":290,\"height\":102,\"caption\":\"European Convention Center Luxembourg\"},\"image\":{\"@id\":\"https:\\\/\\\/eccl.lu\\\/en\\\/#\\\/schema\\\/logo\\\/image\\\/\"}}]}<\/script>\n<!-- \/ Yoast SEO plugin. -->","yoast_head_json":{"title":"Virtual Tour - European Convention Center Luxembourg","robots":{"index":"index","follow":"follow","max-snippet":"max-snippet:-1","max-image-preview":"max-image-preview:large","max-video-preview":"max-video-preview:-1"},"canonical":"https:\/\/eccl.lu\/en\/virtual-tour\/","og_locale":"en_US","og_type":"article","og_title":"Virtual Tour - European Convention Center Luxembourg","og_description":"Virtual Tour Our 360\u00b0 rooms Move around our 360\u00b0 rooms A new immersive and intuitive navigation mode to browse and discover the ECCL universe and its meeting rooms. Navigate freely in our building to visualize and project your future event. Please accept marketing cookies to view this content.","og_url":"https:\/\/eccl.lu\/en\/virtual-tour\/","og_site_name":"European Convention Center Luxembourg","article_modified_time":"2025-10-27T14:28:56+00:00","og_image":[{"width":1920,"height":1080,"url":"https:\/\/eccl.lu\/wp-content\/uploads\/2023\/02\/VT-header.jpg","type":"image\/jpeg"}],"twitter_card":"summary_large_image","twitter_misc":{"Est. reading time":"1 minute"},"schema":{"@context":"https:\/\/schema.org","@graph":[{"@type":"WebPage","@id":"https:\/\/eccl.lu\/en\/virtual-tour\/","url":"https:\/\/eccl.lu\/en\/virtual-tour\/","name":"Virtual Tour - European Convention Center Luxembourg","isPartOf":{"@id":"https:\/\/eccl.lu\/en\/#website"},"primaryImageOfPage":{"@id":"https:\/\/eccl.lu\/en\/virtual-tour\/#primaryimage"},"image":{"@id":"https:\/\/eccl.lu\/en\/virtual-tour\/#primaryimage"},"thumbnailUrl":"https:\/\/eccl.lu\/wp-content\/uploads\/2023\/02\/VT-header.jpg","datePublished":"2022-12-12T13:57:55+00:00","dateModified":"2025-10-27T14:28:56+00:00","breadcrumb":{"@id":"https:\/\/eccl.lu\/en\/virtual-tour\/#breadcrumb"},"inLanguage":"en-US","potentialAction":[{"@type":"ReadAction","target":["https:\/\/eccl.lu\/en\/virtual-tour\/"]}]},{"@type":"ImageObject","inLanguage":"en-US","@id":"https:\/\/eccl.lu\/en\/virtual-tour\/#primaryimage","url":"https:\/\/eccl.lu\/wp-content\/uploads\/2023\/02\/VT-header.jpg","contentUrl":"https:\/\/eccl.lu\/wp-content\/uploads\/2023\/02\/VT-header.jpg"},{"@type":"BreadcrumbList","@id":"https:\/\/eccl.lu\/en\/virtual-tour\/#breadcrumb","itemListElement":[{"@type":"ListItem","position":1,"name":"Homepage","item":"https:\/\/eccl.lu\/en\/"},{"@type":"ListItem","position":2,"name":"Virtual Tour"}]},{"@type":"WebSite","@id":"https:\/\/eccl.lu\/en\/#website","url":"https:\/\/eccl.lu\/en\/","name":"European Convention Center Luxembourg","description":"Pour des \u00e9v\u00e9nements grav\u00e9s dans l\u2019histoire, faites appel \u00e0 l\u2019ECCL; Consultez nos offres et d\u00e9couvrez l&#039;unique palais des congr\u00e8s du Luxembourg","publisher":{"@id":"https:\/\/eccl.lu\/en\/#organization"},"potentialAction":[{"@type":"SearchAction","target":{"@type":"EntryPoint","urlTemplate":"https:\/\/eccl.lu\/en\/?s={search_term_string}"},"query-input":{"@type":"PropertyValueSpecification","valueRequired":true,"valueName":"search_term_string"}}],"inLanguage":"en-US"},{"@type":"Organization","@id":"https:\/\/eccl.lu\/en\/#organization","name":"European Convention Center Luxembourg","url":"https:\/\/eccl.lu\/en\/","logo":{"@type":"ImageObject","inLanguage":"en-US","@id":"https:\/\/eccl.lu\/en\/#\/schema\/logo\/image\/","url":"https:\/\/eccl.lu\/wp-content\/uploads\/2022\/11\/eccl-logo.svg","contentUrl":"https:\/\/eccl.lu\/wp-content\/uploads\/2022\/11\/eccl-logo.svg","width":290,"height":102,"caption":"European Convention Center Luxembourg"},"image":{"@id":"https:\/\/eccl.lu\/en\/#\/schema\/logo\/image\/"}}]}},"_links":{"self":[{"href":"https:\/\/eccl.lu\/en\/wp-json\/wp\/v2\/pages\/5116","targetHints":{"allow":["GET"]}}],"collection":[{"href":"https:\/\/eccl.lu\/en\/wp-json\/wp\/v2\/pages"}],"about":[{"href":"https:\/\/eccl.lu\/en\/wp-json\/wp\/v2\/types\/page"}],"author":[{"embeddable":true,"href":"https:\/\/eccl.lu\/en\/wp-json\/wp\/v2\/users\/1"}],"replies":[{"embeddable":true,"href":"https:\/\/eccl.lu\/en\/wp-json\/wp\/v2\/comments?post=5116"}],"version-history":[{"count":3,"href":"https:\/\/eccl.lu\/en\/wp-json\/wp\/v2\/pages\/5116\/revisions"}],"predecessor-version":[{"id":5842,"href":"https:\/\/eccl.lu\/en\/wp-json\/wp\/v2\/pages\/5116\/revisions\/5842"}],"wp:attachment":[{"href":"https:\/\/eccl.lu\/en\/wp-json\/wp\/v2\/media?parent=5116"}],"curies":[{"name":"wp","href":"https:\/\/api.w.org\/{rel}","templated":true}]}}